{"id":266,"date":"2025-06-27T11:43:50","date_gmt":"2025-06-27T14:43:50","guid":{"rendered":"https:\/\/mastercargo.com.br\/?page_id=266"},"modified":"2025-07-11T16:51:50","modified_gmt":"2025-07-11T19:51:50","slug":"projetos-logisticos","status":"publish","type":"page","link":"http:\/\/mastercargo.com.br\/?page_id=266","title":{"rendered":"Projetos-log\u00edsticos"},"content":{"rendered":"\t\t<div data-elementor-type=\"wp-page\" data-elementor-id=\"266\" class=\"elementor elementor-266\">\n\t\t\t\t<div class=\"elementor-element elementor-element-ee70af7 e-flex e-con-boxed e-con e-parent\" data-id=\"ee70af7\" data-element_type=\"container\" data-e-type=\"container\">\n\t\t\t\t\t<div class=\"e-con-inner\">\n\t\t<div class=\"elementor-element elementor-element-6b4d753 e-con-full e-flex e-con e-child\" data-id=\"6b4d753\" data-element_type=\"container\" data-e-type=\"container\">\n\t\t\t\t<div class=\"elementor-element elementor-element-d1741d4 elementor-widget__width-initial elementor-widget elementor-widget-heading\" data-id=\"d1741d4\" data-element_type=\"widget\" data-e-type=\"widget\" data-widget_type=\"heading.default\">\n\t\t\t\t<div class=\"elementor-widget-container\">\n\t\t\t\t\t<h2 class=\"elementor-heading-title elementor-size-default\">Projetos Log\u00edsticos<\/h2>\t\t\t\t<\/div>\n\t\t\t\t<\/div>\n\t\t\t\t<div class=\"elementor-element elementor-element-ff0acec elementor-widget elementor-widget-text-editor\" data-id=\"ff0acec\" data-element_type=\"widget\" data-e-type=\"widget\" data-widget_type=\"text-editor.default\">\n\t\t\t\t<div class=\"elementor-widget-container\">\n\t\t\t\t\t\t\t\t\t<ul><li>A equipe Mastercargo, com sua experi\u00eancia acumulada, pode propor solu\u00e7\u00f5es mais adequadas \u00e0 sua empresa, otimizando seus processos log\u00edsticos, gerando economia.<\/li><\/ul><p>\u00a0<\/p><ul><li>Desenvolvimento de opera\u00e7\u00f5es sob medida como Kan Ban, Just in Time e Milk Run, s\u00e3o exemplos de alguns projetos que podem reduzir custos sem comprometer a efici\u00eancia de seus neg\u00f3cios<\/li><\/ul>\t\t\t\t\t\t\t\t<\/div>\n\t\t\t\t<\/div>\n\t\t\t\t<\/div>\n\t\t\t\t\t<\/div>\n\t\t\t\t<\/div>\n\t\t\t\t<\/div>\n\t\t","protected":false},"excerpt":{"rendered":"<p>Projetos Log\u00edsticos A equipe Mastercargo, com sua experi\u00eancia acumulada, pode propor solu\u00e7\u00f5es mais adequadas \u00e0 sua empresa, otimizando seus processos log\u00edsticos, gerando economia. Desenvolvimento de opera\u00e7\u00f5es sob medida como Kan Ban, Just in Time e Milk Run, s\u00e3o exemplos de alguns projetos que podem reduzir custos sem comprometer a efici\u00eancia de seus neg\u00f3cios<\/p>\n","protected":false},"author":1,"featured_media":0,"parent":0,"menu_order":0,"comment_status":"closed","ping_status":"closed","template":"","meta":{"footnotes":""},"class_list":["post-266","page","type-page","status-publish","hentry"],"_links":{"self":[{"href":"http:\/\/mastercargo.com.br\/index.php?rest_route=\/wp\/v2\/pages\/266","targetHints":{"allow":["GET"]}}],"collection":[{"href":"http:\/\/mastercargo.com.br\/index.php?rest_route=\/wp\/v2\/pages"}],"about":[{"href":"http:\/\/mastercargo.com.br\/index.php?rest_route=\/wp\/v2\/types\/page"}],"author":[{"embeddable":true,"href":"http:\/\/mastercargo.com.br\/index.php?rest_route=\/wp\/v2\/users\/1"}],"replies":[{"embeddable":true,"href":"http:\/\/mastercargo.com.br\/index.php?rest_route=%2Fwp%2Fv2%2Fcomments&post=266"}],"version-history":[{"count":0,"href":"http:\/\/mastercargo.com.br\/index.php?rest_route=\/wp\/v2\/pages\/266\/revisions"}],"wp:attachment":[{"href":"http:\/\/mastercargo.com.br\/index.php?rest_route=%2Fwp%2Fv2%2Fmedia&parent=266"}],"curies":[{"name":"wp","href":"https:\/\/api.w.org\/{rel}","templated":true}]}}