{"id":259,"date":"2025-06-27T11:38:28","date_gmt":"2025-06-27T14:38:28","guid":{"rendered":"https:\/\/mastercargo.com.br\/?page_id=259"},"modified":"2025-07-11T16:49:29","modified_gmt":"2025-07-11T19:49:29","slug":"gestao-de-projetos","status":"publish","type":"page","link":"http:\/\/mastercargo.com.br\/?page_id=259","title":{"rendered":"Gest\u00e3o-de-Projetos"},"content":{"rendered":"\t\t<div data-elementor-type=\"wp-page\" data-elementor-id=\"259\" class=\"elementor elementor-259\">\n\t\t\t\t<div class=\"elementor-element elementor-element-ee70af7 e-flex e-con-boxed e-con e-parent\" data-id=\"ee70af7\" data-element_type=\"container\" data-e-type=\"container\">\n\t\t\t\t\t<div class=\"e-con-inner\">\n\t\t<div class=\"elementor-element elementor-element-6b4d753 e-con-full e-flex e-con e-child\" data-id=\"6b4d753\" data-element_type=\"container\" data-e-type=\"container\">\n\t\t\t\t<div class=\"elementor-element elementor-element-d1741d4 elementor-widget__width-initial elementor-widget elementor-widget-heading\" data-id=\"d1741d4\" data-element_type=\"widget\" data-e-type=\"widget\" data-widget_type=\"heading.default\">\n\t\t\t\t<div class=\"elementor-widget-container\">\n\t\t\t\t\t<h2 class=\"elementor-heading-title elementor-size-default\">Gest\u00e3o de Opera\u00e7\u00f5es<\/h2>\t\t\t\t<\/div>\n\t\t\t\t<\/div>\n\t\t\t\t<div class=\"elementor-element elementor-element-ff0acec elementor-widget elementor-widget-text-editor\" data-id=\"ff0acec\" data-element_type=\"widget\" data-e-type=\"widget\" data-widget_type=\"text-editor.default\">\n\t\t\t\t<div class=\"elementor-widget-container\">\n\t\t\t\t\t\t\t\t\t<ul><li><p>A equipe est\u00e1 preparada para gerir todas as opera\u00e7\u00f5es log\u00edsticas de sua empresa, inclusive a gest\u00e3o de terminais, utilizando-se das mais modernas ferramentas tecnol\u00f3gicas dispon\u00edveis.<\/p><\/li><\/ul>\t\t\t\t\t\t\t\t<\/div>\n\t\t\t\t<\/div>\n\t\t\t\t<div class=\"elementor-element elementor-element-c1a1807 elementor-widget elementor-widget-text-editor\" data-id=\"c1a1807\" data-element_type=\"widget\" data-e-type=\"widget\" data-widget_type=\"text-editor.default\">\n\t\t\t\t<div class=\"elementor-widget-container\">\n\t\t\t\t\t\t\t\t\t<h4>Loca\u00e7\u00f5es<\/h4><ul><li><h4>Caminh\u00f5es<\/h4><\/li><li><h4>\u00a0Autom\u00f3veis<\/h4><\/li><li><h4>\u00a0Empilhadeiras<\/h4><\/li><\/ul>\t\t\t\t\t\t\t\t<\/div>\n\t\t\t\t<\/div>\n\t\t\t\t<div class=\"elementor-element elementor-element-d16b75c elementor-widget__width-initial elementor-widget-mobile__width-initial elementor-widget elementor-widget-text-editor\" data-id=\"d16b75c\" data-element_type=\"widget\" data-e-type=\"widget\" data-widget_type=\"text-editor.default\">\n\t\t\t\t<div class=\"elementor-widget-container\">\n\t\t\t\t\t\t\t\t\t<p>Tamb\u00e9m oferece m\u00e3o de obra especializada.<\/p><ul><li><h4>Terceiriza\u00e7\u00e3o de frotas<\/h4><\/li><\/ul>\t\t\t\t\t\t\t\t<\/div>\n\t\t\t\t<\/div>\n\t\t\t\t<\/div>\n\t\t\t\t\t<\/div>\n\t\t\t\t<\/div>\n\t\t\t\t<\/div>\n\t\t","protected":false},"excerpt":{"rendered":"<p>Gest\u00e3o de Opera\u00e7\u00f5es A equipe est\u00e1 preparada para gerir todas as opera\u00e7\u00f5es log\u00edsticas de sua empresa, inclusive a gest\u00e3o de terminais, utilizando-se das mais modernas ferramentas tecnol\u00f3gicas dispon\u00edveis. Loca\u00e7\u00f5es Caminh\u00f5es \u00a0Autom\u00f3veis \u00a0Empilhadeiras Tamb\u00e9m oferece m\u00e3o de obra especializada. Terceiriza\u00e7\u00e3o de frotas<\/p>\n","protected":false},"author":1,"featured_media":0,"parent":0,"menu_order":0,"comment_status":"closed","ping_status":"closed","template":"","meta":{"footnotes":""},"class_list":["post-259","page","type-page","status-publish","hentry"],"_links":{"self":[{"href":"http:\/\/mastercargo.com.br\/index.php?rest_route=\/wp\/v2\/pages\/259","targetHints":{"allow":["GET"]}}],"collection":[{"href":"http:\/\/mastercargo.com.br\/index.php?rest_route=\/wp\/v2\/pages"}],"about":[{"href":"http:\/\/mastercargo.com.br\/index.php?rest_route=\/wp\/v2\/types\/page"}],"author":[{"embeddable":true,"href":"http:\/\/mastercargo.com.br\/index.php?rest_route=\/wp\/v2\/users\/1"}],"replies":[{"embeddable":true,"href":"http:\/\/mastercargo.com.br\/index.php?rest_route=%2Fwp%2Fv2%2Fcomments&post=259"}],"version-history":[{"count":0,"href":"http:\/\/mastercargo.com.br\/index.php?rest_route=\/wp\/v2\/pages\/259\/revisions"}],"wp:attachment":[{"href":"http:\/\/mastercargo.com.br\/index.php?rest_route=%2Fwp%2Fv2%2Fmedia&parent=259"}],"curies":[{"name":"wp","href":"https:\/\/api.w.org\/{rel}","templated":true}]}}