{"id":234,"date":"2025-06-27T11:19:52","date_gmt":"2025-06-27T14:19:52","guid":{"rendered":"https:\/\/mastercargo.com.br\/?page_id=234"},"modified":"2025-07-02T09:35:01","modified_gmt":"2025-07-02T12:35:01","slug":"monitoramento","status":"publish","type":"page","link":"http:\/\/mastercargo.com.br\/?page_id=234","title":{"rendered":"Monitoramento"},"content":{"rendered":"\t\t<div data-elementor-type=\"wp-page\" data-elementor-id=\"234\" class=\"elementor elementor-234\">\n\t\t\t\t<div class=\"elementor-element elementor-element-ee70af7 e-flex e-con-boxed e-con e-parent\" data-id=\"ee70af7\" data-element_type=\"container\" data-e-type=\"container\">\n\t\t\t\t\t<div class=\"e-con-inner\">\n\t\t<div class=\"elementor-element elementor-element-6b4d753 e-con-full e-flex e-con e-child\" data-id=\"6b4d753\" data-element_type=\"container\" data-e-type=\"container\">\n\t\t\t\t<div class=\"elementor-element elementor-element-d1741d4 elementor-widget__width-initial elementor-widget elementor-widget-heading\" data-id=\"d1741d4\" data-element_type=\"widget\" data-e-type=\"widget\" data-widget_type=\"heading.default\">\n\t\t\t\t<div class=\"elementor-widget-container\">\n\t\t\t\t\t<h2 class=\"elementor-heading-title elementor-size-default\">Monitoramento<\/h2>\t\t\t\t<\/div>\n\t\t\t\t<\/div>\n\t\t\t\t<div class=\"elementor-element elementor-element-6b560ea elementor-widget elementor-widget-image\" data-id=\"6b560ea\" data-element_type=\"widget\" data-e-type=\"widget\" data-widget_type=\"image.default\">\n\t\t\t\t<div class=\"elementor-widget-container\">\n\t\t\t\t\t\t\t\t\t\t\t\t\t\t\t<img fetchpriority=\"high\" decoding=\"async\" width=\"920\" height=\"512\" src=\"http:\/\/mastercargo.com.br\/wp-content\/uploads\/2025\/06\/satelite-rastreio.png\" class=\"attachment-2048x2048 size-2048x2048 wp-image-131\" alt=\"\" srcset=\"http:\/\/mastercargo.com.br\/wp-content\/uploads\/2025\/06\/satelite-rastreio.png 920w, http:\/\/mastercargo.com.br\/wp-content\/uploads\/2025\/06\/satelite-rastreio-300x167.png 300w, http:\/\/mastercargo.com.br\/wp-content\/uploads\/2025\/06\/satelite-rastreio-768x427.png 768w\" sizes=\"(max-width: 920px) 100vw, 920px\" \/>\t\t\t\t\t\t\t\t\t\t\t\t\t\t\t<\/div>\n\t\t\t\t<\/div>\n\t\t\t\t<div class=\"elementor-element elementor-element-ff0acec elementor-widget elementor-widget-text-editor\" data-id=\"ff0acec\" data-element_type=\"widget\" data-e-type=\"widget\" data-widget_type=\"text-editor.default\">\n\t\t\t\t<div class=\"elementor-widget-container\">\n\t\t\t\t\t\t\t\t\t<p>A frota da Mastercargo \u00e9 rastreada por sat\u00e9lite, com equipe treinada e capacitada para o gerenciamento de risco. Com melhor sinergia entre os setores e mais seguran\u00e7a dos dados que s\u00e3o armazenados na empresa.<\/p>\t\t\t\t\t\t\t\t<\/div>\n\t\t\t\t<\/div>\n\t\t\t\t<\/div>\n\t\t<div class=\"elementor-element elementor-element-c381da8 e-con-full e-flex e-con e-child\" data-id=\"c381da8\" data-element_type=\"container\" data-e-type=\"container\">\n\t\t<div class=\"elementor-element elementor-element-3fe51d4 e-con-full e-flex e-con e-child\" data-id=\"3fe51d4\" data-element_type=\"container\" data-e-type=\"container\">\n\t\t\t\t<div class=\"elementor-element elementor-element-619c205 elementor-widget elementor-widget-heading\" data-id=\"619c205\" data-element_type=\"widget\" data-e-type=\"widget\" data-widget_type=\"heading.default\">\n\t\t\t\t<div class=\"elementor-widget-container\">\n\t\t\t\t\t<h2 class=\"elementor-heading-title elementor-size-default\">Seguros<\/h2>\t\t\t\t<\/div>\n\t\t\t\t<\/div>\n\t\t\t\t<div class=\"elementor-element elementor-element-c173428 elementor-widget elementor-widget-text-editor\" data-id=\"c173428\" data-element_type=\"widget\" data-e-type=\"widget\" data-widget_type=\"text-editor.default\">\n\t\t\t\t<div class=\"elementor-widget-container\">\n\t\t\t\t\t\t\t\t\t<p>Os seguros de RCTR-C e RCF-DC d\u00e3o a garantia ao embarcador da prote\u00e7\u00e3o de suas mercadorias:<\/p><ul><li><p>Seguro obrigat\u00f3rio RCTR-C (Responsabilidade Civil do Transportador Rodovi\u00e1rio de Cargas). Cobertura para mercadorias em transporte.<\/p><\/li><li><p>Seguro facultativo RCF-DC (Responsabilidade Civil Facultativa por Desaparecimento de Carga). Cobertura para mercadorias em transporte.<\/p><\/li><li><p>A Mastercargo mant\u00e9m tamb\u00e9m seguro de toda frota, proporcionando seguran\u00e7a aos nossos clientes em caso de acidentes com avaria material ou v\u00edtimas.<\/p><p>( Indeniza\u00e7\u00e3o por coparticipa\u00e7\u00e3o decorrentes de a\u00e7\u00f5es civis).<\/p><\/li><\/ul>\t\t\t\t\t\t\t\t<\/div>\n\t\t\t\t<\/div>\n\t\t\t\t<\/div>\n\t\t\t\t<\/div>\n\t\t\t\t\t<\/div>\n\t\t\t\t<\/div>\n\t\t\t\t<\/div>\n\t\t","protected":false},"excerpt":{"rendered":"<p>Monitoramento A frota da Mastercargo \u00e9 rastreada por sat\u00e9lite, com equipe treinada e capacitada para o gerenciamento de risco. Com melhor sinergia entre os setores e mais seguran\u00e7a dos dados que s\u00e3o armazenados na empresa. Seguros Os seguros de RCTR-C e RCF-DC d\u00e3o a garantia ao embarcador da prote\u00e7\u00e3o de suas mercadorias: Seguro obrigat\u00f3rio RCTR-C [&hellip;]<\/p>\n","protected":false},"author":1,"featured_media":0,"parent":0,"menu_order":0,"comment_status":"closed","ping_status":"closed","template":"","meta":{"footnotes":""},"class_list":["post-234","page","type-page","status-publish","hentry"],"_links":{"self":[{"href":"http:\/\/mastercargo.com.br\/index.php?rest_route=\/wp\/v2\/pages\/234","targetHints":{"allow":["GET"]}}],"collection":[{"href":"http:\/\/mastercargo.com.br\/index.php?rest_route=\/wp\/v2\/pages"}],"about":[{"href":"http:\/\/mastercargo.com.br\/index.php?rest_route=\/wp\/v2\/types\/page"}],"author":[{"embeddable":true,"href":"http:\/\/mastercargo.com.br\/index.php?rest_route=\/wp\/v2\/users\/1"}],"replies":[{"embeddable":true,"href":"http:\/\/mastercargo.com.br\/index.php?rest_route=%2Fwp%2Fv2%2Fcomments&post=234"}],"version-history":[{"count":0,"href":"http:\/\/mastercargo.com.br\/index.php?rest_route=\/wp\/v2\/pages\/234\/revisions"}],"wp:attachment":[{"href":"http:\/\/mastercargo.com.br\/index.php?rest_route=%2Fwp%2Fv2%2Fmedia&parent=234"}],"curies":[{"name":"wp","href":"https:\/\/api.w.org\/{rel}","templated":true}]}}