{"id":204,"date":"2025-06-27T11:05:29","date_gmt":"2025-06-27T14:05:29","guid":{"rendered":"https:\/\/mastercargo.com.br\/?page_id=204"},"modified":"2025-07-11T16:48:54","modified_gmt":"2025-07-11T19:48:54","slug":"atuacao","status":"publish","type":"page","link":"http:\/\/mastercargo.com.br\/?page_id=204","title":{"rendered":"Atua\u00e7\u00e3o"},"content":{"rendered":"<p><img fetchpriority=\"high\" decoding=\"async\" width=\"738\" height=\"459\" src=\"http:\/\/mastercargo.com.br\/wp-content\/uploads\/2025\/07\/contato-mapa1.png\" alt=\"\" srcset=\"https:\/\/mastercargo.com.br\/wp-content\/uploads\/2025\/07\/contato-mapa1.png 738w, https:\/\/mastercargo.com.br\/wp-content\/uploads\/2025\/07\/contato-mapa1-300x187.png 300w\" sizes=\"(max-width: 738px) 100vw, 738px\" \/>\t\t\t\t\t\t\t\t\t\t\t\t\t\t\t<\/p>\n<h2>ATUA\u00c7\u00c3O<\/h2>\n<p>Atua\u00e7\u00e3o em todo Brasil com solu\u00e7\u00f5es de transporte e log\u00edstica.<\/p>\n\n\n<p><\/p>\n","protected":false},"excerpt":{"rendered":"<p>ATUA\u00c7\u00c3O Atua\u00e7\u00e3o em todo Brasil com solu\u00e7\u00f5es de transporte e log\u00edstica.<\/p>\n","protected":false},"author":1,"featured_media":0,"parent":0,"menu_order":0,"comment_status":"closed","ping_status":"closed","template":"","meta":{"footnotes":""},"class_list":["post-204","page","type-page","status-publish","hentry"],"_links":{"self":[{"href":"http:\/\/mastercargo.com.br\/index.php?rest_route=\/wp\/v2\/pages\/204","targetHints":{"allow":["GET"]}}],"collection":[{"href":"http:\/\/mastercargo.com.br\/index.php?rest_route=\/wp\/v2\/pages"}],"about":[{"href":"http:\/\/mastercargo.com.br\/index.php?rest_route=\/wp\/v2\/types\/page"}],"author":[{"embeddable":true,"href":"http:\/\/mastercargo.com.br\/index.php?rest_route=\/wp\/v2\/users\/1"}],"replies":[{"embeddable":true,"href":"http:\/\/mastercargo.com.br\/index.php?rest_route=%2Fwp%2Fv2%2Fcomments&post=204"}],"version-history":[{"count":0,"href":"http:\/\/mastercargo.com.br\/index.php?rest_route=\/wp\/v2\/pages\/204\/revisions"}],"wp:attachment":[{"href":"http:\/\/mastercargo.com.br\/index.php?rest_route=%2Fwp%2Fv2%2Fmedia&parent=204"}],"curies":[{"name":"wp","href":"https:\/\/api.w.org\/{rel}","templated":true}]}}