{"id":190,"date":"2025-06-27T10:57:16","date_gmt":"2025-06-27T13:57:16","guid":{"rendered":"https:\/\/mastercargo.com.br\/?page_id=190"},"modified":"2025-07-02T09:40:25","modified_gmt":"2025-07-02T12:40:25","slug":"tecnologia","status":"publish","type":"page","link":"http:\/\/mastercargo.com.br\/?page_id=190","title":{"rendered":"Tecnologia"},"content":{"rendered":"\t\t<div data-elementor-type=\"wp-page\" data-elementor-id=\"190\" class=\"elementor elementor-190\">\n\t\t\t\t<div class=\"elementor-element elementor-element-a07470b e-flex e-con-boxed e-con e-parent\" data-id=\"a07470b\" data-element_type=\"container\" data-e-type=\"container\" data-settings=\"{&quot;background_background&quot;:&quot;classic&quot;}\">\n\t\t\t\t\t<div class=\"e-con-inner\">\n\t\t\t\t<div class=\"elementor-element elementor-element-5fa72d0 elementor-widget__width-initial elementor-widget elementor-widget-heading\" data-id=\"5fa72d0\" data-element_type=\"widget\" data-e-type=\"widget\" data-widget_type=\"heading.default\">\n\t\t\t\t<div class=\"elementor-widget-container\">\n\t\t\t\t\t<h2 class=\"elementor-heading-title elementor-size-default\">TECNOLOGIA<\/h2>\t\t\t\t<\/div>\n\t\t\t\t<\/div>\n\t\t\t\t<div class=\"elementor-element elementor-element-cf88ad6 elementor-widget elementor-widget-text-editor\" data-id=\"cf88ad6\" data-element_type=\"widget\" data-e-type=\"widget\" data-widget_type=\"text-editor.default\">\n\t\t\t\t<div class=\"elementor-widget-container\">\n\t\t\t\t\t\t\t\t\t<h5>A Mastercargo investe continuamente em tecnologia:<\/h5><ul><li>Disponibilidade de troca eletr\u00f4nica de dados por EDI (Eletronic Data Interchange).<\/li><li>Ve\u00edculos rastreados via sat\u00e9lite e GPRS, com monitoramento atrav\u00e9s de uma central, fornecendo informa\u00e7\u00e3o de posicionamento em tempo real e comunica\u00e7\u00e3o instant\u00e2nea com a base.<\/li><li>Roteiriza\u00e7\u00e3o de entregas atrav\u00e9s de software;<\/li><li>Sistema TMS integrado.<\/li><\/ul>\t\t\t\t\t\t\t\t<\/div>\n\t\t\t\t<\/div>\n\t\t\t\t\t<\/div>\n\t\t\t\t<\/div>\n\t\t\t\t<\/div>\n\t\t","protected":false},"excerpt":{"rendered":"<p>TECNOLOGIA A Mastercargo investe continuamente em tecnologia: Disponibilidade de troca eletr\u00f4nica de dados por EDI (Eletronic Data Interchange). Ve\u00edculos rastreados via sat\u00e9lite e GPRS, com monitoramento atrav\u00e9s de uma central, fornecendo informa\u00e7\u00e3o de posicionamento em tempo real e comunica\u00e7\u00e3o instant\u00e2nea com a base. Roteiriza\u00e7\u00e3o de entregas atrav\u00e9s de software; Sistema TMS integrado.<\/p>\n","protected":false},"author":1,"featured_media":0,"parent":0,"menu_order":0,"comment_status":"closed","ping_status":"closed","template":"","meta":{"footnotes":""},"class_list":["post-190","page","type-page","status-publish","hentry"],"_links":{"self":[{"href":"http:\/\/mastercargo.com.br\/index.php?rest_route=\/wp\/v2\/pages\/190","targetHints":{"allow":["GET"]}}],"collection":[{"href":"http:\/\/mastercargo.com.br\/index.php?rest_route=\/wp\/v2\/pages"}],"about":[{"href":"http:\/\/mastercargo.com.br\/index.php?rest_route=\/wp\/v2\/types\/page"}],"author":[{"embeddable":true,"href":"http:\/\/mastercargo.com.br\/index.php?rest_route=\/wp\/v2\/users\/1"}],"replies":[{"embeddable":true,"href":"http:\/\/mastercargo.com.br\/index.php?rest_route=%2Fwp%2Fv2%2Fcomments&post=190"}],"version-history":[{"count":0,"href":"http:\/\/mastercargo.com.br\/index.php?rest_route=\/wp\/v2\/pages\/190\/revisions"}],"wp:attachment":[{"href":"http:\/\/mastercargo.com.br\/index.php?rest_route=%2Fwp%2Fv2%2Fmedia&parent=190"}],"curies":[{"name":"wp","href":"https:\/\/api.w.org\/{rel}","templated":true}]}}