{"id":181,"date":"2025-06-27T10:53:38","date_gmt":"2025-06-27T13:53:38","guid":{"rendered":"https:\/\/mastercargo.com.br\/?page_id=181"},"modified":"2025-07-11T16:49:45","modified_gmt":"2025-07-11T19:49:45","slug":"seguranca","status":"publish","type":"page","link":"http:\/\/mastercargo.com.br\/?page_id=181","title":{"rendered":"Seguran\u00e7a"},"content":{"rendered":"\t\t<div data-elementor-type=\"wp-page\" data-elementor-id=\"181\" class=\"elementor elementor-181\">\n\t\t\t\t<div class=\"elementor-element elementor-element-a07470b e-flex e-con-boxed e-con e-parent\" data-id=\"a07470b\" data-element_type=\"container\" data-e-type=\"container\" data-settings=\"{&quot;background_background&quot;:&quot;classic&quot;}\">\n\t\t\t\t\t<div class=\"e-con-inner\">\n\t\t\t\t<div class=\"elementor-element elementor-element-5fa72d0 elementor-widget__width-initial elementor-widget elementor-widget-heading\" data-id=\"5fa72d0\" data-element_type=\"widget\" data-e-type=\"widget\" data-widget_type=\"heading.default\">\n\t\t\t\t<div class=\"elementor-widget-container\">\n\t\t\t\t\t<h2 class=\"elementor-heading-title elementor-size-default\">SEGURAN\u00c7A<\/h2>\t\t\t\t<\/div>\n\t\t\t\t<\/div>\n\t\t\t\t<div class=\"elementor-element elementor-element-cf88ad6 elementor-widget elementor-widget-text-editor\" data-id=\"cf88ad6\" data-element_type=\"widget\" data-e-type=\"widget\" data-widget_type=\"text-editor.default\">\n\t\t\t\t<div class=\"elementor-widget-container\">\n\t\t\t\t\t\t\t\t\t<p>Seguran\u00e7a \u00e9 um tema priorit\u00e1rio na Mastercargo.<\/p><p>Atrav\u00e9s do treinamento constante, capacita\u00e7\u00e3o da equipe e investimentos em tecnologia e manuten\u00e7\u00e3o preventiva dos ve\u00edculos, a Mastercargo traz tranquilidade a seus clientes.<\/p>\t\t\t\t\t\t\t\t<\/div>\n\t\t\t\t<\/div>\n\t\t\t\t\t<\/div>\n\t\t\t\t<\/div>\n\t\t\t\t<\/div>\n\t\t","protected":false},"excerpt":{"rendered":"<p>SEGURAN\u00c7A Seguran\u00e7a \u00e9 um tema priorit\u00e1rio na Mastercargo. Atrav\u00e9s do treinamento constante, capacita\u00e7\u00e3o da equipe e investimentos em tecnologia e manuten\u00e7\u00e3o preventiva dos ve\u00edculos, a Mastercargo traz tranquilidade a seus clientes.<\/p>\n","protected":false},"author":1,"featured_media":0,"parent":0,"menu_order":0,"comment_status":"closed","ping_status":"closed","template":"","meta":{"footnotes":""},"class_list":["post-181","page","type-page","status-publish","hentry"],"_links":{"self":[{"href":"http:\/\/mastercargo.com.br\/index.php?rest_route=\/wp\/v2\/pages\/181","targetHints":{"allow":["GET"]}}],"collection":[{"href":"http:\/\/mastercargo.com.br\/index.php?rest_route=\/wp\/v2\/pages"}],"about":[{"href":"http:\/\/mastercargo.com.br\/index.php?rest_route=\/wp\/v2\/types\/page"}],"author":[{"embeddable":true,"href":"http:\/\/mastercargo.com.br\/index.php?rest_route=\/wp\/v2\/users\/1"}],"replies":[{"embeddable":true,"href":"http:\/\/mastercargo.com.br\/index.php?rest_route=%2Fwp%2Fv2%2Fcomments&post=181"}],"version-history":[{"count":0,"href":"http:\/\/mastercargo.com.br\/index.php?rest_route=\/wp\/v2\/pages\/181\/revisions"}],"wp:attachment":[{"href":"http:\/\/mastercargo.com.br\/index.php?rest_route=%2Fwp%2Fv2%2Fmedia&parent=181"}],"curies":[{"name":"wp","href":"https:\/\/api.w.org\/{rel}","templated":true}]}}