{"id":172,"date":"2025-06-27T10:51:00","date_gmt":"2025-06-27T13:51:00","guid":{"rendered":"https:\/\/mastercargo.com.br\/?page_id=172"},"modified":"2025-07-02T09:08:48","modified_gmt":"2025-07-02T12:08:48","slug":"frota","status":"publish","type":"page","link":"http:\/\/mastercargo.com.br\/?page_id=172","title":{"rendered":"Frota"},"content":{"rendered":"\t\t<div data-elementor-type=\"wp-page\" data-elementor-id=\"172\" class=\"elementor elementor-172\">\n\t\t\t\t<div class=\"elementor-element elementor-element-a07470b e-flex e-con-boxed e-con e-parent\" data-id=\"a07470b\" data-element_type=\"container\" data-e-type=\"container\" data-settings=\"{&quot;background_background&quot;:&quot;classic&quot;}\">\n\t\t\t\t\t<div class=\"e-con-inner\">\n\t\t\t\t<div class=\"elementor-element elementor-element-5fa72d0 elementor-widget elementor-widget-heading\" data-id=\"5fa72d0\" data-element_type=\"widget\" data-e-type=\"widget\" data-widget_type=\"heading.default\">\n\t\t\t\t<div class=\"elementor-widget-container\">\n\t\t\t\t\t<h2 class=\"elementor-heading-title elementor-size-default\">NOSSA FROTA<\/h2>\t\t\t\t<\/div>\n\t\t\t\t<\/div>\n\t\t\t\t<div class=\"elementor-element elementor-element-cf88ad6 elementor-widget elementor-widget-text-editor\" data-id=\"cf88ad6\" data-element_type=\"widget\" data-e-type=\"widget\" data-widget_type=\"text-editor.default\">\n\t\t\t\t<div class=\"elementor-widget-container\">\n\t\t\t\t\t\t\t\t\t<p>Frota moderna, em diversas configura\u00e7\u00f5es, monitorada por sat\u00e9lite e GPRS.<\/p><p>Equipamentos desenvolvidos na medida certa, conforme a necessidade de cada opera\u00e7\u00e3o. Tudo isso para garantir a entrega das cargas no prazo acordado e com seguran\u00e7a.<\/p><p>\u00a0<\/p>\t\t\t\t\t\t\t\t<\/div>\n\t\t\t\t<\/div>\n\t\t\t\t<div class=\"elementor-element elementor-element-0e90f4e elementor-widget__width-initial elementor-widget elementor-widget-text-editor\" data-id=\"0e90f4e\" data-element_type=\"widget\" data-e-type=\"widget\" data-widget_type=\"text-editor.default\">\n\t\t\t\t<div class=\"elementor-widget-container\">\n\t\t\t\t\t\t\t\t\t<p><strong>FROTA<\/strong><\/p><ul><li><p>Cavalo mec\u00e2nico<\/p><\/li><li><p>Carreta (sider, ba\u00fa, carga seca)<\/p><\/li><li><p>Bitrem<\/p><\/li><li><p>Truck<\/p><\/li><li><p>Toco<\/p><\/li><li><p>Utilit\u00e1rios<\/p><\/li><\/ul>\t\t\t\t\t\t\t\t<\/div>\n\t\t\t\t<\/div>\n\t\t\t\t\t<\/div>\n\t\t\t\t<\/div>\n\t\t\t\t<\/div>\n\t\t","protected":false},"excerpt":{"rendered":"<p>NOSSA FROTA Frota moderna, em diversas configura\u00e7\u00f5es, monitorada por sat\u00e9lite e GPRS. Equipamentos desenvolvidos na medida certa, conforme a necessidade de cada opera\u00e7\u00e3o. Tudo isso para garantir a entrega das cargas no prazo acordado e com seguran\u00e7a. \u00a0 FROTA Cavalo mec\u00e2nico Carreta (sider, ba\u00fa, carga seca) Bitrem Truck Toco Utilit\u00e1rios<\/p>\n","protected":false},"author":1,"featured_media":0,"parent":0,"menu_order":0,"comment_status":"closed","ping_status":"closed","template":"","meta":{"footnotes":""},"class_list":["post-172","page","type-page","status-publish","hentry"],"_links":{"self":[{"href":"http:\/\/mastercargo.com.br\/index.php?rest_route=\/wp\/v2\/pages\/172","targetHints":{"allow":["GET"]}}],"collection":[{"href":"http:\/\/mastercargo.com.br\/index.php?rest_route=\/wp\/v2\/pages"}],"about":[{"href":"http:\/\/mastercargo.com.br\/index.php?rest_route=\/wp\/v2\/types\/page"}],"author":[{"embeddable":true,"href":"http:\/\/mastercargo.com.br\/index.php?rest_route=\/wp\/v2\/users\/1"}],"replies":[{"embeddable":true,"href":"http:\/\/mastercargo.com.br\/index.php?rest_route=%2Fwp%2Fv2%2Fcomments&post=172"}],"version-history":[{"count":0,"href":"http:\/\/mastercargo.com.br\/index.php?rest_route=\/wp\/v2\/pages\/172\/revisions"}],"wp:attachment":[{"href":"http:\/\/mastercargo.com.br\/index.php?rest_route=%2Fwp%2Fv2%2Fmedia&parent=172"}],"curies":[{"name":"wp","href":"https:\/\/api.w.org\/{rel}","templated":true}]}}