{"id":150,"date":"2025-06-27T10:32:12","date_gmt":"2025-06-27T13:32:12","guid":{"rendered":"https:\/\/mastercargo.com.br\/?page_id=150"},"modified":"2025-07-02T09:05:01","modified_gmt":"2025-07-02T12:05:01","slug":"empresa","status":"publish","type":"page","link":"http:\/\/mastercargo.com.br\/?page_id=150","title":{"rendered":"Empresa"},"content":{"rendered":"\t\t<div data-elementor-type=\"wp-page\" data-elementor-id=\"150\" class=\"elementor elementor-150\">\n\t\t\t\t<div class=\"elementor-element elementor-element-c104498 e-flex e-con-boxed e-con e-parent\" data-id=\"c104498\" data-element_type=\"container\" data-e-type=\"container\">\n\t\t\t\t\t<div class=\"e-con-inner\">\n\t\t<div class=\"elementor-element elementor-element-f96be94 e-con-full e-flex e-con e-child\" data-id=\"f96be94\" data-element_type=\"container\" data-e-type=\"container\">\n\t\t\t\t<div class=\"elementor-element elementor-element-77ab1ea elementor-widget elementor-widget-counter\" data-id=\"77ab1ea\" data-element_type=\"widget\" data-e-type=\"widget\" data-widget_type=\"counter.default\">\n\t\t\t\t<div class=\"elementor-widget-container\">\n\t\t\t\t\t\t\t<div class=\"elementor-counter\">\n\t\t\t<div class=\"elementor-counter-title\">anos<\/div>\t\t\t<div class=\"elementor-counter-number-wrapper\">\n\t\t\t\t<span class=\"elementor-counter-number-prefix\"><\/span>\n\t\t\t\t<span class=\"elementor-counter-number\" data-duration=\"2000\" data-to-value=\"32\" data-from-value=\"0\" data-delimiter=\",\">0<\/span>\n\t\t\t\t<span class=\"elementor-counter-number-suffix\"><\/span>\n\t\t\t<\/div>\n\t\t<\/div>\n\t\t\t\t\t\t<\/div>\n\t\t\t\t<\/div>\n\t\t\t\t<\/div>\n\t\t<div class=\"elementor-element elementor-element-f7c6e9f e-con-full e-flex e-con e-child\" data-id=\"f7c6e9f\" data-element_type=\"container\" data-e-type=\"container\">\n\t\t\t\t<div class=\"elementor-element elementor-element-6a88900 elementor-widget elementor-widget-heading\" data-id=\"6a88900\" data-element_type=\"widget\" data-e-type=\"widget\" data-widget_type=\"heading.default\">\n\t\t\t\t<div class=\"elementor-widget-container\">\n\t\t\t\t\t<h2 class=\"elementor-heading-title elementor-size-default\">Desde 1993<\/h2>\t\t\t\t<\/div>\n\t\t\t\t<\/div>\n\t\t\t\t<div class=\"elementor-element elementor-element-8546e7b elementor-widget elementor-widget-text-editor\" data-id=\"8546e7b\" data-element_type=\"widget\" data-e-type=\"widget\" data-widget_type=\"text-editor.default\">\n\t\t\t\t<div class=\"elementor-widget-container\">\n\t\t\t\t\t\t\t\t\t<p>A trajet\u00f3ria se iniciou em 1993, na cidade de Curitiba \u2013 PR, sob o nome de B &amp; B Transportes Rodovi\u00e1rios Ltda<\/p>\t\t\t\t\t\t\t\t<\/div>\n\t\t\t\t<\/div>\n\t\t\t\t<\/div>\n\t\t\t\t\t<\/div>\n\t\t\t\t<\/div>\n\t\t<div class=\"elementor-element elementor-element-a07470b e-flex e-con-boxed e-con e-parent\" data-id=\"a07470b\" data-element_type=\"container\" data-e-type=\"container\" data-settings=\"{&quot;background_background&quot;:&quot;classic&quot;}\">\n\t\t\t\t\t<div class=\"e-con-inner\">\n\t\t\t\t<div class=\"elementor-element elementor-element-5fa72d0 elementor-widget elementor-widget-heading\" data-id=\"5fa72d0\" data-element_type=\"widget\" data-e-type=\"widget\" data-widget_type=\"heading.default\">\n\t\t\t\t<div class=\"elementor-widget-container\">\n\t\t\t\t\t<h2 class=\"elementor-heading-title elementor-size-default\">HIST\u00d3RIA<\/h2>\t\t\t\t<\/div>\n\t\t\t\t<\/div>\n\t\t\t\t<div class=\"elementor-element elementor-element-cf88ad6 elementor-widget elementor-widget-text-editor\" data-id=\"cf88ad6\" data-element_type=\"widget\" data-e-type=\"widget\" data-widget_type=\"text-editor.default\">\n\t\t\t\t<div class=\"elementor-widget-container\">\n\t\t\t\t\t\t\t\t\t<p>Ap\u00f3s dois anos de atua\u00e7\u00e3o no mercado, no ano de 1995, a empresa mudou de m\u00e3os. Desde ent\u00e3o, gra\u00e7as \u00e0 compet\u00eancia, dedica\u00e7\u00e3o e empreendedorismo dos profissionais que integram esta equipe, a empresa conquistou o reconhecimento de seus clientes e expandiu os seus horizontes. Em 2002, acompanhando este processo de evolu\u00e7\u00e3o, a empresa passou a se chamar Mastercargo Transportes e Log\u00edstica Limitada, com o objetivo de atingir novos mercados e inovar com servi\u00e7os log\u00edsticos diferenciados, correspondendo a todas as necessidades de seus clientes.<\/p>\t\t\t\t\t\t\t\t<\/div>\n\t\t\t\t<\/div>\n\t\t\t\t\t<\/div>\n\t\t\t\t<\/div>\n\t\t\t\t<\/div>\n\t\t","protected":false},"excerpt":{"rendered":"<p>anos 0 Desde 1993 A trajet\u00f3ria se iniciou em 1993, na cidade de Curitiba \u2013 PR, sob o nome de B &amp; B Transportes Rodovi\u00e1rios Ltda HIST\u00d3RIA Ap\u00f3s dois anos de atua\u00e7\u00e3o no mercado, no ano de 1995, a empresa mudou de m\u00e3os. Desde ent\u00e3o, gra\u00e7as \u00e0 compet\u00eancia, dedica\u00e7\u00e3o e empreendedorismo dos profissionais que integram [&hellip;]<\/p>\n","protected":false},"author":1,"featured_media":0,"parent":0,"menu_order":0,"comment_status":"closed","ping_status":"closed","template":"","meta":{"footnotes":""},"class_list":["post-150","page","type-page","status-publish","hentry"],"_links":{"self":[{"href":"http:\/\/mastercargo.com.br\/index.php?rest_route=\/wp\/v2\/pages\/150","targetHints":{"allow":["GET"]}}],"collection":[{"href":"http:\/\/mastercargo.com.br\/index.php?rest_route=\/wp\/v2\/pages"}],"about":[{"href":"http:\/\/mastercargo.com.br\/index.php?rest_route=\/wp\/v2\/types\/page"}],"author":[{"embeddable":true,"href":"http:\/\/mastercargo.com.br\/index.php?rest_route=\/wp\/v2\/users\/1"}],"replies":[{"embeddable":true,"href":"http:\/\/mastercargo.com.br\/index.php?rest_route=%2Fwp%2Fv2%2Fcomments&post=150"}],"version-history":[{"count":0,"href":"http:\/\/mastercargo.com.br\/index.php?rest_route=\/wp\/v2\/pages\/150\/revisions"}],"wp:attachment":[{"href":"http:\/\/mastercargo.com.br\/index.php?rest_route=%2Fwp%2Fv2%2Fmedia&parent=150"}],"curies":[{"name":"wp","href":"https:\/\/api.w.org\/{rel}","templated":true}]}}