{"id":102,"date":"2025-06-27T09:14:00","date_gmt":"2025-06-27T12:14:00","guid":{"rendered":"https:\/\/mastercargo.com.br\/?page_id=102"},"modified":"2025-07-02T09:54:35","modified_gmt":"2025-07-02T12:54:35","slug":"home","status":"publish","type":"page","link":"http:\/\/mastercargo.com.br\/","title":{"rendered":"Home"},"content":{"rendered":"\t\t<div data-elementor-type=\"wp-page\" data-elementor-id=\"102\" class=\"elementor elementor-102\">\n\t\t\t\t<div class=\"elementor-element elementor-element-28010b4 e-flex e-con-boxed e-con e-parent\" data-id=\"28010b4\" data-element_type=\"container\" data-e-type=\"container\" data-settings=\"{&quot;background_background&quot;:&quot;classic&quot;}\">\n\t\t\t\t\t<div class=\"e-con-inner\">\n\t\t<div class=\"elementor-element elementor-element-106ca2f e-con-full e-flex e-con e-child\" data-id=\"106ca2f\" data-element_type=\"container\" data-e-type=\"container\">\n\t\t\t\t<div class=\"elementor-element elementor-element-6bd8633 elementor-widget__width-initial elementor-widget elementor-widget-heading\" data-id=\"6bd8633\" data-element_type=\"widget\" data-e-type=\"widget\" data-widget_type=\"heading.default\">\n\t\t\t\t<div class=\"elementor-widget-container\">\n\t\t\t\t\t<h2 class=\"elementor-heading-title elementor-size-default\">\"Desde 1993, transformando desafios log\u00edsticos em solu\u00e7\u00f5es inteligentes com confian\u00e7a, inova\u00e7\u00e3o e compromisso com o cliente.\"<\/h2>\t\t\t\t<\/div>\n\t\t\t\t<\/div>\n\t\t\t\t<\/div>\n\t\t<div class=\"elementor-element elementor-element-445085d e-con-full e-flex e-con e-child\" data-id=\"445085d\" data-element_type=\"container\" data-e-type=\"container\">\n\t\t\t\t<div class=\"elementor-element elementor-element-da89b3b elementor-widget elementor-widget-counter\" data-id=\"da89b3b\" data-element_type=\"widget\" data-e-type=\"widget\" data-widget_type=\"counter.default\">\n\t\t\t\t<div class=\"elementor-widget-container\">\n\t\t\t\t\t\t\t<div class=\"elementor-counter\">\n\t\t\t<div class=\"elementor-counter-title\">ANOS<\/div>\t\t\t<div class=\"elementor-counter-number-wrapper\">\n\t\t\t\t<span class=\"elementor-counter-number-prefix\">+<\/span>\n\t\t\t\t<span class=\"elementor-counter-number\" data-duration=\"2000\" data-to-value=\"30\" data-from-value=\"0\" data-delimiter=\",\">0<\/span>\n\t\t\t\t<span class=\"elementor-counter-number-suffix\"><\/span>\n\t\t\t<\/div>\n\t\t<\/div>\n\t\t\t\t\t\t<\/div>\n\t\t\t\t<\/div>\n\t\t\t\t<\/div>\n\t\t<div class=\"elementor-element elementor-element-af35f15 e-con-full e-flex e-con e-child\" data-id=\"af35f15\" data-element_type=\"container\" data-e-type=\"container\">\n\t\t\t\t<\/div>\n\t\t<div class=\"elementor-element elementor-element-9c341bf e-con-full e-flex e-con e-child\" data-id=\"9c341bf\" data-element_type=\"container\" data-e-type=\"container\">\n\t\t\t\t<div class=\"elementor-element elementor-element-5ccfbfa elementor-widget__width-inherit elementor-widget elementor-widget-heading\" data-id=\"5ccfbfa\" data-element_type=\"widget\" data-e-type=\"widget\" data-widget_type=\"heading.default\">\n\t\t\t\t<div class=\"elementor-widget-container\">\n\t\t\t\t\t<h2 class=\"elementor-heading-title elementor-size-default\">Oferecendo excel\u00eancia em log\u00edstica<\/h2>\t\t\t\t<\/div>\n\t\t\t\t<\/div>\n\t\t\t\t<div class=\"elementor-element elementor-element-cf88ad6 elementor-widget__width-inherit elementor-widget elementor-widget-text-editor\" data-id=\"cf88ad6\" data-element_type=\"widget\" data-e-type=\"widget\" data-widget_type=\"text-editor.default\">\n\t\t\t\t<div class=\"elementor-widget-container\">\n\t\t\t\t\t\t\t\t\t<p>Oferecemos uma ampla gama de servi\u00e7os de transporte e log\u00edstica para atender \u00e0s necessidades de nossos clientes em v\u00e1rios setores.<\/p>\t\t\t\t\t\t\t\t<\/div>\n\t\t\t\t<\/div>\n\t\t\t\t<\/div>\n\t\t\t\t\t<\/div>\n\t\t\t\t<\/div>\n\t\t<div class=\"elementor-element elementor-element-b91c8e6 e-flex e-con-boxed e-con e-parent\" data-id=\"b91c8e6\" data-element_type=\"container\" data-e-type=\"container\" data-settings=\"{&quot;background_background&quot;:&quot;gradient&quot;}\">\n\t\t\t\t\t<div class=\"e-con-inner\">\n\t\t\t\t<div class=\"elementor-element elementor-element-f79a01b elementor-widget__width-initial elementor-widget-tablet__width-initial elementor-widget elementor-widget-heading\" data-id=\"f79a01b\" data-element_type=\"widget\" data-e-type=\"widget\" data-widget_type=\"heading.default\">\n\t\t\t\t<div class=\"elementor-widget-container\">\n\t\t\t\t\t<h2 class=\"elementor-heading-title elementor-size-default\">Nossos Servi\u00e7os<\/h2>\t\t\t\t<\/div>\n\t\t\t\t<\/div>\n\t\t\t\t\t<\/div>\n\t\t\t\t<\/div>\n\t\t<div class=\"elementor-element elementor-element-ab6d8f2 e-con-full e-flex e-con e-parent\" data-id=\"ab6d8f2\" data-element_type=\"container\" data-e-type=\"container\">\n\t\t<div class=\"elementor-element elementor-element-e98d8a2 e-con-full e-flex e-con e-child\" data-id=\"e98d8a2\" data-element_type=\"container\" data-e-type=\"container\">\n\t\t\t\t<div class=\"elementor-element elementor-element-ed964c7 elementor-widget elementor-widget-elementskit-image-box\" data-id=\"ed964c7\" data-element_type=\"widget\" data-e-type=\"widget\" data-widget_type=\"elementskit-image-box.default\">\n\t\t\t\t<div class=\"elementor-widget-container\">\n\t\t\t\t\t<div class=\"ekit-wid-con\" >\n            <div class=\"elementskit-info-image-box ekit-image-box text-center floating-style\" >\n\n                <a href=\"https:\/\/mastercargo.com.br\/frota\/\">\n                <div class=\"elementskit-box-header image-box-img-center\">\n\n                    <img fetchpriority=\"high\" decoding=\"async\" width=\"1633\" height=\"980\" src=\"https:\/\/mastercargo.com.br\/wp-content\/uploads\/2025\/06\/caminhao-icone-red.png\" class=\"attachment-full size-full wp-image-135\" alt=\"\" srcset=\"https:\/\/mastercargo.com.br\/wp-content\/uploads\/2025\/06\/caminhao-icone-red.png 1633w, https:\/\/mastercargo.com.br\/wp-content\/uploads\/2025\/06\/caminhao-icone-red-300x180.png 300w, https:\/\/mastercargo.com.br\/wp-content\/uploads\/2025\/06\/caminhao-icone-red-1024x615.png 1024w, https:\/\/mastercargo.com.br\/wp-content\/uploads\/2025\/06\/caminhao-icone-red-768x461.png 768w, https:\/\/mastercargo.com.br\/wp-content\/uploads\/2025\/06\/caminhao-icone-red-1536x922.png 1536w\" sizes=\"(max-width: 1633px) 100vw, 1633px\" \/>\n                <\/div>\n                <\/a>\n                <div class=\"elementskit-box-body ekit-image-box-body\">\n                    <div class=\"elementskit-box-content ekit-image-box-body-inner\">\n                                                <h3 class=\"elementskit-info-box-title\">\n\n                        \n                            <i aria-hidden=\"true\" class=\"icon icon-review\"><\/i>\n                        FROTAS\n                        \n                    <\/h3>\n                                                            <div class=\"elementskit-box-style-content\">\n                        Frota moderna, em diversas configura\u00e7\u00f5es, monitorada por sat\u00e9lite e GPRS.                     <\/div>\n                                    <\/div>\n\n                            <\/div>\n            <\/div>\n    <\/div>\t\t\t\t<\/div>\n\t\t\t\t<\/div>\n\t\t\t\t<\/div>\n\t\t<div class=\"elementor-element elementor-element-6c413e5 e-con-full e-flex e-con e-child\" data-id=\"6c413e5\" data-element_type=\"container\" data-e-type=\"container\">\n\t\t\t\t<div class=\"elementor-element elementor-element-cac3618 elementor-widget elementor-widget-elementskit-image-box\" data-id=\"cac3618\" data-element_type=\"widget\" data-e-type=\"widget\" data-widget_type=\"elementskit-image-box.default\">\n\t\t\t\t<div class=\"elementor-widget-container\">\n\t\t\t\t\t<div class=\"ekit-wid-con\" >\n            <div class=\"elementskit-info-image-box ekit-image-box text-center floating-style\" >\n\n                <a href=\"https:\/\/mastercargo.com.br\/monitoramento\/\">\n                <div class=\"elementskit-box-header image-box-img-center\">\n\n                    <img decoding=\"async\" width=\"920\" height=\"512\" src=\"https:\/\/mastercargo.com.br\/wp-content\/uploads\/2025\/06\/satelite-rastreio-red.png\" class=\"attachment-full size-full wp-image-138\" alt=\"\" srcset=\"https:\/\/mastercargo.com.br\/wp-content\/uploads\/2025\/06\/satelite-rastreio-red.png 920w, https:\/\/mastercargo.com.br\/wp-content\/uploads\/2025\/06\/satelite-rastreio-red-300x167.png 300w, https:\/\/mastercargo.com.br\/wp-content\/uploads\/2025\/06\/satelite-rastreio-red-768x427.png 768w\" sizes=\"(max-width: 920px) 100vw, 920px\" \/>\n                <\/div>\n                <\/a>\n                <div class=\"elementskit-box-body ekit-image-box-body\">\n                    <div class=\"elementskit-box-content ekit-image-box-body-inner\">\n                                                <h3 class=\"elementskit-info-box-title\">\n\n                        \n                            <i aria-hidden=\"true\" class=\"icon icon-review\"><\/i>\n                        RASTREAMENTO\n                        \n                    <\/h3>\n                                                            <div class=\"elementskit-box-style-content\">\n                        A frota da Mastercargo \u00e9 rastreada por sat\u00e9lite, com equipe treinada e capacitada para o gerenciamento de risco                    <\/div>\n                                    <\/div>\n\n                            <\/div>\n            <\/div>\n    <\/div>\t\t\t\t<\/div>\n\t\t\t\t<\/div>\n\t\t\t\t<\/div>\n\t\t<div class=\"elementor-element elementor-element-f9c17cf e-con-full e-flex e-con e-child\" data-id=\"f9c17cf\" data-element_type=\"container\" data-e-type=\"container\">\n\t\t\t\t<div class=\"elementor-element elementor-element-38800f5 elementor-widget elementor-widget-elementskit-image-box\" data-id=\"38800f5\" data-element_type=\"widget\" data-e-type=\"widget\" data-widget_type=\"elementskit-image-box.default\">\n\t\t\t\t<div class=\"elementor-widget-container\">\n\t\t\t\t\t<div class=\"ekit-wid-con\" >\n            <div class=\"elementskit-info-image-box ekit-image-box text-center floating-style\" >\n\n                <a href=\"https:\/\/mastercargo.com.br\/atuacao\/\">\n                <div class=\"elementskit-box-header image-box-img-center\">\n\n                    <img decoding=\"async\" width=\"225\" height=\"225\" src=\"https:\/\/mastercargo.com.br\/wp-content\/uploads\/2025\/06\/maps-red.png\" class=\"attachment-2048x2048 size-2048x2048 wp-image-137\" alt=\"\" srcset=\"https:\/\/mastercargo.com.br\/wp-content\/uploads\/2025\/06\/maps-red.png 225w, https:\/\/mastercargo.com.br\/wp-content\/uploads\/2025\/06\/maps-red-150x150.png 150w\" sizes=\"(max-width: 225px) 100vw, 225px\" \/>\n                <\/div>\n                <\/a>\n                <div class=\"elementskit-box-body ekit-image-box-body\">\n                    <div class=\"elementskit-box-content ekit-image-box-body-inner\">\n                                                <h3 class=\"elementskit-info-box-title\">\n\n                        \n                            <i aria-hidden=\"true\" class=\"icon icon-review\"><\/i>\n                        ATUA\u00c7\u00c3O\n                        \n                    <\/h3>\n                                                            <div class=\"elementskit-box-style-content\">\n                        Atua\u00e7\u00e3o em todo Brasil com solu\u00e7\u00f5es de transporte e log\u00edstica                    <\/div>\n                                    <\/div>\n\n                            <\/div>\n            <\/div>\n    <\/div>\t\t\t\t<\/div>\n\t\t\t\t<\/div>\n\t\t\t\t<\/div>\n\t\t<div class=\"elementor-element elementor-element-22d2616 e-con-full e-flex e-con e-child\" data-id=\"22d2616\" data-element_type=\"container\" data-e-type=\"container\">\n\t\t\t\t<div class=\"elementor-element elementor-element-7842275 elementor-widget elementor-widget-elementskit-image-box\" data-id=\"7842275\" data-element_type=\"widget\" data-e-type=\"widget\" data-widget_type=\"elementskit-image-box.default\">\n\t\t\t\t<div class=\"elementor-widget-container\">\n\t\t\t\t\t<div class=\"ekit-wid-con\" >\n            <div class=\"elementskit-info-image-box ekit-image-box text-center floating-style\" >\n\n                <a href=\"https:\/\/mastercargo.com.br\/iso9001\/\">\n                <div class=\"elementskit-box-header image-box-img-center\">\n\n                    <img loading=\"lazy\" decoding=\"async\" width=\"225\" height=\"225\" src=\"https:\/\/mastercargo.com.br\/wp-content\/uploads\/2025\/06\/ISO9001.png\" class=\"attachment-full size-full wp-image-140\" alt=\"\" srcset=\"https:\/\/mastercargo.com.br\/wp-content\/uploads\/2025\/06\/ISO9001.png 225w, https:\/\/mastercargo.com.br\/wp-content\/uploads\/2025\/06\/ISO9001-150x150.png 150w\" sizes=\"(max-width: 225px) 100vw, 225px\" \/>\n                <\/div>\n                <\/a>\n                <div class=\"elementskit-box-body ekit-image-box-body\">\n                    <div class=\"elementskit-box-content ekit-image-box-body-inner\">\n                                                <h3 class=\"elementskit-info-box-title\">\n\n                        \n                            <i aria-hidden=\"true\" class=\"icon icon-review\"><\/i>\n                        ISO\u20139001\n                        \n                    <\/h3>\n                                                            <div class=\"elementskit-box-style-content\">\n                        \nEmpresa certificada desde 2007                    <\/div>\n                                    <\/div>\n\n                            <\/div>\n            <\/div>\n    <\/div>\t\t\t\t<\/div>\n\t\t\t\t<\/div>\n\t\t\t\t<\/div>\n\t\t<div class=\"elementor-element elementor-element-227d864 e-con-full e-flex e-con e-child\" data-id=\"227d864\" data-element_type=\"container\" data-e-type=\"container\">\n\t\t\t\t<div class=\"elementor-element elementor-element-bcf4d6b elementor-widget elementor-widget-elementskit-image-box\" data-id=\"bcf4d6b\" data-element_type=\"widget\" data-e-type=\"widget\" data-widget_type=\"elementskit-image-box.default\">\n\t\t\t\t<div class=\"elementor-widget-container\">\n\t\t\t\t\t<div class=\"ekit-wid-con\" >\n            <div class=\"elementskit-info-image-box ekit-image-box text-center floating-style\" >\n\n                <a href=\"https:\/\/mastercargo.com.br\/iso9001\/\">\n                <div class=\"elementskit-box-header image-box-img-center\">\n\n                    <img loading=\"lazy\" decoding=\"async\" width=\"512\" height=\"512\" src=\"https:\/\/mastercargo.com.br\/wp-content\/uploads\/2025\/06\/armazenagem02-red.png\" class=\"attachment-full size-full wp-image-134\" alt=\"\" srcset=\"https:\/\/mastercargo.com.br\/wp-content\/uploads\/2025\/06\/armazenagem02-red.png 512w, https:\/\/mastercargo.com.br\/wp-content\/uploads\/2025\/06\/armazenagem02-red-300x300.png 300w, https:\/\/mastercargo.com.br\/wp-content\/uploads\/2025\/06\/armazenagem02-red-150x150.png 150w\" sizes=\"(max-width: 512px) 100vw, 512px\" \/>\n                <\/div>\n                <\/a>\n                <div class=\"elementskit-box-body ekit-image-box-body\">\n                    <div class=\"elementskit-box-content ekit-image-box-body-inner\">\n                                                <h3 class=\"elementskit-info-box-title\">\n\n                        \n                            <i aria-hidden=\"true\" class=\"icon icon-review\"><\/i>\n                        Armazenagem\n                        \n                    <\/h3>\n                                                            <div class=\"elementskit-box-style-content\">\n                        Na unidade de Curitiba, a Mastercargo oferece infraestrutura adequada para armazenar mercadorias com controle total de estoque.                    <\/div>\n                                    <\/div>\n\n                            <\/div>\n            <\/div>\n    <\/div>\t\t\t\t<\/div>\n\t\t\t\t<\/div>\n\t\t\t\t<\/div>\n\t\t\t\t<\/div>\n\t\t<div class=\"elementor-element elementor-element-07f2f3c e-flex e-con-boxed e-con e-parent\" data-id=\"07f2f3c\" data-element_type=\"container\" data-e-type=\"container\">\n\t\t\t\t\t<div class=\"e-con-inner\">\n\t\t\t\t\t<\/div>\n\t\t\t\t<\/div>\n\t\t\t\t<\/div>\n\t\t","protected":false},"excerpt":{"rendered":"<p>&#8220;Desde 1993, transformando desafios log\u00edsticos em solu\u00e7\u00f5es inteligentes com confian\u00e7a, inova\u00e7\u00e3o e compromisso com o cliente.&#8221; ANOS + 0 Oferecendo excel\u00eancia em log\u00edstica Oferecemos uma ampla gama de servi\u00e7os de transporte e log\u00edstica para atender \u00e0s necessidades de nossos clientes em v\u00e1rios setores. Nossos Servi\u00e7os FROTAS Frota moderna, em diversas configura\u00e7\u00f5es, monitorada por sat\u00e9lite e [&hellip;]<\/p>\n","protected":false},"author":1,"featured_media":0,"parent":0,"menu_order":0,"comment_status":"closed","ping_status":"closed","template":"","meta":{"footnotes":""},"class_list":["post-102","page","type-page","status-publish","hentry"],"_links":{"self":[{"href":"http:\/\/mastercargo.com.br\/index.php?rest_route=\/wp\/v2\/pages\/102","targetHints":{"allow":["GET"]}}],"collection":[{"href":"http:\/\/mastercargo.com.br\/index.php?rest_route=\/wp\/v2\/pages"}],"about":[{"href":"http:\/\/mastercargo.com.br\/index.php?rest_route=\/wp\/v2\/types\/page"}],"author":[{"embeddable":true,"href":"http:\/\/mastercargo.com.br\/index.php?rest_route=\/wp\/v2\/users\/1"}],"replies":[{"embeddable":true,"href":"http:\/\/mastercargo.com.br\/index.php?rest_route=%2Fwp%2Fv2%2Fcomments&post=102"}],"version-history":[{"count":0,"href":"http:\/\/mastercargo.com.br\/index.php?rest_route=\/wp\/v2\/pages\/102\/revisions"}],"wp:attachment":[{"href":"http:\/\/mastercargo.com.br\/index.php?rest_route=%2Fwp%2Fv2%2Fmedia&parent=102"}],"curies":[{"name":"wp","href":"https:\/\/api.w.org\/{rel}","templated":true}]}}